{"id":15003,"date":"2022-08-22T12:47:20","date_gmt":"2022-08-22T12:47:20","guid":{"rendered":"https:\/\/otomarketcy.com\/?post_type=product&#038;p=15003"},"modified":"2023-06-08T14:51:31","modified_gmt":"2023-06-08T14:51:31","slug":"sista-koltuk-takimi","status":"publish","type":"product","link":"https:\/\/ipekhomedecor.com\/en\/product\/sista-koltuk-takimi\/","title":{"rendered":"S\u0130STA KOLTUK TAKIMI"},"content":{"rendered":"<p>SIRT MEKAN\u0130ZMALI VE MEKAN\u0130ZMASIZ OLARAK 2 MODELD\u0130R.<br \/>\nMETAL VE AH\u015eAP OLARAK 2 AYAK SE\u00c7ENE\u011e\u0130VARDIR.<\/p>","protected":false},"excerpt":{"rendered":"<p>SIRT MEKAN\u0130ZMALI VE MEKAN\u0130ZMASIZ OLARAK 2 MODELD\u0130R. METAL VE AH\u015eAP OLARAK 2 AYAK SE\u00c7ENE\u011e\u0130VARDIR.<\/p>","protected":false},"featured_media":15007,"comment_status":"open","ping_status":"closed","template":"","meta":{"om_disable_all_campaigns":false,"_monsterinsights_skip_tracking":false,"_monsterinsights_sitenote_active":false,"_monsterinsights_sitenote_note":"","_monsterinsights_sitenote_category":0,"_joinchat":[]},"product_brand":[],"product_cat":[210],"product_tag":[],"class_list":{"0":"post-15003","1":"product","2":"type-product","3":"status-publish","4":"has-post-thumbnail","6":"product_cat-oturma-gruplari","9":"first","10":"instock","11":"shipping-taxable","12":"product-type-simple"},"aioseo_notices":[],"yoast_head":"<!-- This site is optimized with the Yoast SEO plugin v27.4 - https:\/\/yoast.com\/product\/yoast-seo-wordpress\/ -->\n<title>S\u0130STA KOLTUK TAKIMI - Ipek Perde Mobilya<\/title>\n<meta name=\"robots\" content=\"index, follow, max-snippet:-1, max-image-preview:large, max-video-preview:-1\" \/>\n<link rel=\"canonical\" href=\"https:\/\/ipekhomedecor.com\/en\/product\/sista-koltuk-takimi\/\" \/>\n<meta property=\"og:locale\" content=\"en_GB\" \/>\n<meta property=\"og:type\" content=\"article\" \/>\n<meta property=\"og:title\" content=\"S\u0130STA KOLTUK TAKIMI - Ipek Perde Mobilya\" \/>\n<meta property=\"og:description\" content=\"SIRT MEKAN\u0130ZMALI VE MEKAN\u0130ZMASIZ OLARAK 2 MODELD\u0130R. METAL VE AH\u015eAP OLARAK 2 AYAK SE\u00c7ENE\u011e\u0130VARDIR.\" \/>\n<meta property=\"og:url\" content=\"https:\/\/ipekhomedecor.com\/en\/product\/sista-koltuk-takimi\/\" \/>\n<meta property=\"og:site_name\" content=\"Ipek Perde Mobilya\" \/>\n<meta property=\"article:modified_time\" content=\"2023-06-08T14:51:31+00:00\" \/>\n<meta property=\"og:image\" content=\"https:\/\/ipekhomedecor.comwp-content\/uploads\/2022\/08\/120.png\" \/>\n\t<meta property=\"og:image:width\" content=\"1020\" \/>\n\t<meta property=\"og:image:height\" content=\"638\" \/>\n\t<meta property=\"og:image:type\" content=\"image\/png\" \/>\n<meta name=\"twitter:card\" content=\"summary_large_image\" \/>\n<script type=\"application\/ld+json\" class=\"yoast-schema-graph\">{\"@context\":\"https:\\\/\\\/schema.org\",\"@graph\":[{\"@type\":\"WebPage\",\"@id\":\"https:\\\/\\\/ipekhomedecor.com\\\/en\\\/product\\\/sista-koltuk-takimi\\\/\",\"url\":\"https:\\\/\\\/ipekhomedecor.com\\\/en\\\/product\\\/sista-koltuk-takimi\\\/\",\"name\":\"S\u0130STA KOLTUK TAKIMI - Ipek Perde Mobilya\",\"isPartOf\":{\"@id\":\"https:\\\/\\\/ipekhomedecor.com\\\/en\\\/#website\"},\"primaryImageOfPage\":{\"@id\":\"https:\\\/\\\/ipekhomedecor.com\\\/en\\\/product\\\/sista-koltuk-takimi\\\/#primaryimage\"},\"image\":{\"@id\":\"https:\\\/\\\/ipekhomedecor.com\\\/en\\\/product\\\/sista-koltuk-takimi\\\/#primaryimage\"},\"thumbnailUrl\":\"https:\\\/\\\/ipekhomedecor.com\\\/wp-content\\\/uploads\\\/2022\\\/08\\\/120.png\",\"datePublished\":\"2022-08-22T12:47:20+00:00\",\"dateModified\":\"2023-06-08T14:51:31+00:00\",\"breadcrumb\":{\"@id\":\"https:\\\/\\\/ipekhomedecor.com\\\/en\\\/product\\\/sista-koltuk-takimi\\\/#breadcrumb\"},\"inLanguage\":\"en-GB\",\"potentialAction\":[{\"@type\":\"ReadAction\",\"target\":[\"https:\\\/\\\/ipekhomedecor.com\\\/en\\\/product\\\/sista-koltuk-takimi\\\/\"]}]},{\"@type\":\"ImageObject\",\"inLanguage\":\"en-GB\",\"@id\":\"https:\\\/\\\/ipekhomedecor.com\\\/en\\\/product\\\/sista-koltuk-takimi\\\/#primaryimage\",\"url\":\"https:\\\/\\\/ipekhomedecor.com\\\/wp-content\\\/uploads\\\/2022\\\/08\\\/120.png\",\"contentUrl\":\"https:\\\/\\\/ipekhomedecor.com\\\/wp-content\\\/uploads\\\/2022\\\/08\\\/120.png\",\"width\":1020,\"height\":638},{\"@type\":\"BreadcrumbList\",\"@id\":\"https:\\\/\\\/ipekhomedecor.com\\\/en\\\/product\\\/sista-koltuk-takimi\\\/#breadcrumb\",\"itemListElement\":[{\"@type\":\"ListItem\",\"position\":1,\"name\":\"Home\",\"item\":\"https:\\\/\\\/ipekhomedecor.com\\\/en\\\/home-page-1-english\\\/\"},{\"@type\":\"ListItem\",\"position\":2,\"name\":\"Shop\",\"item\":\"https:\\\/\\\/ipekhomedecor.com\\\/shop\\\/\"},{\"@type\":\"ListItem\",\"position\":3,\"name\":\"S\u0130STA KOLTUK TAKIMI\"}]},{\"@type\":\"WebSite\",\"@id\":\"https:\\\/\\\/ipekhomedecor.com\\\/en\\\/#website\",\"url\":\"https:\\\/\\\/ipekhomedecor.com\\\/en\\\/\",\"name\":\"Ipek Perde Mobilya\",\"description\":\"\u0130pek Perde Mobilya\",\"potentialAction\":[{\"@type\":\"SearchAction\",\"target\":{\"@type\":\"EntryPoint\",\"urlTemplate\":\"https:\\\/\\\/ipekhomedecor.com\\\/en\\\/?s={search_term_string}\"},\"query-input\":{\"@type\":\"PropertyValueSpecification\",\"valueRequired\":true,\"valueName\":\"search_term_string\"}}],\"inLanguage\":\"en-GB\"}]}<\/script>\n<!-- \/ Yoast SEO plugin. -->","yoast_head_json":{"title":"S\u0130STA KOLTUK TAKIMI - Ipek Perde Mobilya","robots":{"index":"index","follow":"follow","max-snippet":"max-snippet:-1","max-image-preview":"max-image-preview:large","max-video-preview":"max-video-preview:-1"},"canonical":"https:\/\/ipekhomedecor.com\/en\/product\/sista-koltuk-takimi\/","og_locale":"en_GB","og_type":"article","og_title":"S\u0130STA KOLTUK TAKIMI - Ipek Perde Mobilya","og_description":"SIRT MEKAN\u0130ZMALI VE MEKAN\u0130ZMASIZ OLARAK 2 MODELD\u0130R. METAL VE AH\u015eAP OLARAK 2 AYAK SE\u00c7ENE\u011e\u0130VARDIR.","og_url":"https:\/\/ipekhomedecor.com\/en\/product\/sista-koltuk-takimi\/","og_site_name":"Ipek Perde Mobilya","article_modified_time":"2023-06-08T14:51:31+00:00","og_image":[{"width":1020,"height":638,"url":"https:\/\/ipekhomedecor.comwp-content\/uploads\/2022\/08\/120.png","type":"image\/png"}],"twitter_card":"summary_large_image","schema":{"@context":"https:\/\/schema.org","@graph":[{"@type":"WebPage","@id":"https:\/\/ipekhomedecor.com\/en\/product\/sista-koltuk-takimi\/","url":"https:\/\/ipekhomedecor.com\/en\/product\/sista-koltuk-takimi\/","name":"S\u0130STA KOLTUK TAKIMI - Ipek Perde Mobilya","isPartOf":{"@id":"https:\/\/ipekhomedecor.com\/en\/#website"},"primaryImageOfPage":{"@id":"https:\/\/ipekhomedecor.com\/en\/product\/sista-koltuk-takimi\/#primaryimage"},"image":{"@id":"https:\/\/ipekhomedecor.com\/en\/product\/sista-koltuk-takimi\/#primaryimage"},"thumbnailUrl":"https:\/\/ipekhomedecor.com\/wp-content\/uploads\/2022\/08\/120.png","datePublished":"2022-08-22T12:47:20+00:00","dateModified":"2023-06-08T14:51:31+00:00","breadcrumb":{"@id":"https:\/\/ipekhomedecor.com\/en\/product\/sista-koltuk-takimi\/#breadcrumb"},"inLanguage":"en-GB","potentialAction":[{"@type":"ReadAction","target":["https:\/\/ipekhomedecor.com\/en\/product\/sista-koltuk-takimi\/"]}]},{"@type":"ImageObject","inLanguage":"en-GB","@id":"https:\/\/ipekhomedecor.com\/en\/product\/sista-koltuk-takimi\/#primaryimage","url":"https:\/\/ipekhomedecor.com\/wp-content\/uploads\/2022\/08\/120.png","contentUrl":"https:\/\/ipekhomedecor.com\/wp-content\/uploads\/2022\/08\/120.png","width":1020,"height":638},{"@type":"BreadcrumbList","@id":"https:\/\/ipekhomedecor.com\/en\/product\/sista-koltuk-takimi\/#breadcrumb","itemListElement":[{"@type":"ListItem","position":1,"name":"Home","item":"https:\/\/ipekhomedecor.com\/en\/home-page-1-english\/"},{"@type":"ListItem","position":2,"name":"Shop","item":"https:\/\/ipekhomedecor.com\/shop\/"},{"@type":"ListItem","position":3,"name":"S\u0130STA KOLTUK TAKIMI"}]},{"@type":"WebSite","@id":"https:\/\/ipekhomedecor.com\/en\/#website","url":"https:\/\/ipekhomedecor.com\/en\/","name":"Ipek Perde Mobilya","description":"\u0130pek Perde Mobilya","potentialAction":[{"@type":"SearchAction","target":{"@type":"EntryPoint","urlTemplate":"https:\/\/ipekhomedecor.com\/en\/?s={search_term_string}"},"query-input":{"@type":"PropertyValueSpecification","valueRequired":true,"valueName":"search_term_string"}}],"inLanguage":"en-GB"}]}},"_links":{"self":[{"href":"https:\/\/ipekhomedecor.com\/en\/wp-json\/wp\/v2\/product\/15003","targetHints":{"allow":["GET"]}}],"collection":[{"href":"https:\/\/ipekhomedecor.com\/en\/wp-json\/wp\/v2\/product"}],"about":[{"href":"https:\/\/ipekhomedecor.com\/en\/wp-json\/wp\/v2\/types\/product"}],"replies":[{"embeddable":true,"href":"https:\/\/ipekhomedecor.com\/en\/wp-json\/wp\/v2\/comments?post=15003"}],"wp:featuredmedia":[{"embeddable":true,"href":"https:\/\/ipekhomedecor.com\/en\/wp-json\/wp\/v2\/media\/15007"}],"wp:attachment":[{"href":"https:\/\/ipekhomedecor.com\/en\/wp-json\/wp\/v2\/media?parent=15003"}],"wp:term":[{"taxonomy":"product_brand","embeddable":true,"href":"https:\/\/ipekhomedecor.com\/en\/wp-json\/wp\/v2\/product_brand?post=15003"},{"taxonomy":"product_cat","embeddable":true,"href":"https:\/\/ipekhomedecor.com\/en\/wp-json\/wp\/v2\/product_cat?post=15003"},{"taxonomy":"product_tag","embeddable":true,"href":"https:\/\/ipekhomedecor.com\/en\/wp-json\/wp\/v2\/product_tag?post=15003"}],"curies":[{"name":"wp","href":"https:\/\/api.w.org\/{rel}","templated":true}]}}