{"id":15565,"date":"2022-08-24T07:26:01","date_gmt":"2022-08-24T07:26:01","guid":{"rendered":"https:\/\/otomarketcy.com\/?post_type=product&#038;p=15565"},"modified":"2023-06-01T10:15:05","modified_gmt":"2023-06-01T10:15:05","slug":"kulakli-sandalye-sirt-kapitoneli","status":"publish","type":"product","link":"https:\/\/ipekhomedecor.com\/en\/product\/kulakli-sandalye-sirt-kapitoneli\/","title":{"rendered":"KULAKLI SANDALYE SIRT KAP\u0130TONEL\u0130"},"content":{"rendered":"","protected":false},"excerpt":{"rendered":"<p>KAP\u0130TONE DI\u015eARKA VEYA \u0130\u00c7 ARKA OLARAK YAPILAB\u0130L\u0130R. SIRT KULPU EKSTRA HESAPLANIR<\/p>","protected":false},"featured_media":15514,"comment_status":"open","ping_status":"closed","template":"","meta":{"om_disable_all_campaigns":false,"_monsterinsights_skip_tracking":false,"_monsterinsights_sitenote_active":false,"_monsterinsights_sitenote_note":"","_monsterinsights_sitenote_category":0,"_joinchat":[]},"product_brand":[],"product_cat":[207],"product_tag":[],"class_list":{"0":"post-15565","1":"product","2":"type-product","3":"status-publish","4":"has-post-thumbnail","6":"product_cat-sandalye","9":"first","10":"instock","11":"shipping-taxable","12":"product-type-simple"},"aioseo_notices":[],"yoast_head":"<!-- This site is optimized with the Yoast SEO plugin v27.4 - https:\/\/yoast.com\/product\/yoast-seo-wordpress\/ -->\n<title>KULAKLI SANDALYE SIRT KAP\u0130TONEL\u0130 - Ipek Perde Mobilya<\/title>\n<meta name=\"robots\" content=\"index, follow, max-snippet:-1, max-image-preview:large, max-video-preview:-1\" \/>\n<link rel=\"canonical\" href=\"https:\/\/ipekhomedecor.com\/en\/product\/kulakli-sandalye-sirt-kapitoneli\/\" \/>\n<meta property=\"og:locale\" content=\"en_GB\" \/>\n<meta property=\"og:type\" content=\"article\" \/>\n<meta property=\"og:title\" content=\"KULAKLI SANDALYE SIRT KAP\u0130TONEL\u0130 - Ipek Perde Mobilya\" \/>\n<meta property=\"og:description\" content=\"KAP\u0130TONE DI\u015eARKA VEYA \u0130\u00c7 ARKA OLARAK YAPILAB\u0130L\u0130R. SIRT KULPU EKSTRA HESAPLANIR\" \/>\n<meta property=\"og:url\" content=\"https:\/\/ipekhomedecor.com\/en\/product\/kulakli-sandalye-sirt-kapitoneli\/\" \/>\n<meta property=\"og:site_name\" content=\"Ipek Perde Mobilya\" \/>\n<meta property=\"article:modified_time\" content=\"2023-06-01T10:15:05+00:00\" \/>\n<meta property=\"og:image\" content=\"https:\/\/ipekhomedecor.comwp-content\/uploads\/2022\/08\/366.png\" \/>\n\t<meta property=\"og:image:width\" content=\"280\" \/>\n\t<meta property=\"og:image:height\" content=\"300\" \/>\n\t<meta property=\"og:image:type\" content=\"image\/png\" \/>\n<meta name=\"twitter:card\" content=\"summary_large_image\" \/>\n<script type=\"application\/ld+json\" class=\"yoast-schema-graph\">{\"@context\":\"https:\\\/\\\/schema.org\",\"@graph\":[{\"@type\":\"WebPage\",\"@id\":\"https:\\\/\\\/ipekhomedecor.com\\\/en\\\/product\\\/kulakli-sandalye-sirt-kapitoneli\\\/\",\"url\":\"https:\\\/\\\/ipekhomedecor.com\\\/en\\\/product\\\/kulakli-sandalye-sirt-kapitoneli\\\/\",\"name\":\"KULAKLI SANDALYE SIRT KAP\u0130TONEL\u0130 - Ipek Perde Mobilya\",\"isPartOf\":{\"@id\":\"https:\\\/\\\/ipekhomedecor.com\\\/en\\\/#website\"},\"primaryImageOfPage\":{\"@id\":\"https:\\\/\\\/ipekhomedecor.com\\\/en\\\/product\\\/kulakli-sandalye-sirt-kapitoneli\\\/#primaryimage\"},\"image\":{\"@id\":\"https:\\\/\\\/ipekhomedecor.com\\\/en\\\/product\\\/kulakli-sandalye-sirt-kapitoneli\\\/#primaryimage\"},\"thumbnailUrl\":\"https:\\\/\\\/ipekhomedecor.com\\\/wp-content\\\/uploads\\\/2022\\\/08\\\/366.png\",\"datePublished\":\"2022-08-24T07:26:01+00:00\",\"dateModified\":\"2023-06-01T10:15:05+00:00\",\"breadcrumb\":{\"@id\":\"https:\\\/\\\/ipekhomedecor.com\\\/en\\\/product\\\/kulakli-sandalye-sirt-kapitoneli\\\/#breadcrumb\"},\"inLanguage\":\"en-GB\",\"potentialAction\":[{\"@type\":\"ReadAction\",\"target\":[\"https:\\\/\\\/ipekhomedecor.com\\\/en\\\/product\\\/kulakli-sandalye-sirt-kapitoneli\\\/\"]}]},{\"@type\":\"ImageObject\",\"inLanguage\":\"en-GB\",\"@id\":\"https:\\\/\\\/ipekhomedecor.com\\\/en\\\/product\\\/kulakli-sandalye-sirt-kapitoneli\\\/#primaryimage\",\"url\":\"https:\\\/\\\/ipekhomedecor.com\\\/wp-content\\\/uploads\\\/2022\\\/08\\\/366.png\",\"contentUrl\":\"https:\\\/\\\/ipekhomedecor.com\\\/wp-content\\\/uploads\\\/2022\\\/08\\\/366.png\",\"width\":280,\"height\":300},{\"@type\":\"BreadcrumbList\",\"@id\":\"https:\\\/\\\/ipekhomedecor.com\\\/en\\\/product\\\/kulakli-sandalye-sirt-kapitoneli\\\/#breadcrumb\",\"itemListElement\":[{\"@type\":\"ListItem\",\"position\":1,\"name\":\"Home\",\"item\":\"https:\\\/\\\/ipekhomedecor.com\\\/en\\\/home-page-1-english\\\/\"},{\"@type\":\"ListItem\",\"position\":2,\"name\":\"Shop\",\"item\":\"https:\\\/\\\/ipekhomedecor.com\\\/shop\\\/\"},{\"@type\":\"ListItem\",\"position\":3,\"name\":\"KULAKLI SANDALYE SIRT KAP\u0130TONEL\u0130\"}]},{\"@type\":\"WebSite\",\"@id\":\"https:\\\/\\\/ipekhomedecor.com\\\/en\\\/#website\",\"url\":\"https:\\\/\\\/ipekhomedecor.com\\\/en\\\/\",\"name\":\"Ipek Perde Mobilya\",\"description\":\"\u0130pek Perde Mobilya\",\"potentialAction\":[{\"@type\":\"SearchAction\",\"target\":{\"@type\":\"EntryPoint\",\"urlTemplate\":\"https:\\\/\\\/ipekhomedecor.com\\\/en\\\/?s={search_term_string}\"},\"query-input\":{\"@type\":\"PropertyValueSpecification\",\"valueRequired\":true,\"valueName\":\"search_term_string\"}}],\"inLanguage\":\"en-GB\"}]}<\/script>\n<!-- \/ Yoast SEO plugin. -->","yoast_head_json":{"title":"KULAKLI SANDALYE SIRT KAP\u0130TONEL\u0130 - Ipek Perde Mobilya","robots":{"index":"index","follow":"follow","max-snippet":"max-snippet:-1","max-image-preview":"max-image-preview:large","max-video-preview":"max-video-preview:-1"},"canonical":"https:\/\/ipekhomedecor.com\/en\/product\/kulakli-sandalye-sirt-kapitoneli\/","og_locale":"en_GB","og_type":"article","og_title":"KULAKLI SANDALYE SIRT KAP\u0130TONEL\u0130 - Ipek Perde Mobilya","og_description":"KAP\u0130TONE DI\u015eARKA VEYA \u0130\u00c7 ARKA OLARAK YAPILAB\u0130L\u0130R. SIRT KULPU EKSTRA HESAPLANIR","og_url":"https:\/\/ipekhomedecor.com\/en\/product\/kulakli-sandalye-sirt-kapitoneli\/","og_site_name":"Ipek Perde Mobilya","article_modified_time":"2023-06-01T10:15:05+00:00","og_image":[{"width":280,"height":300,"url":"https:\/\/ipekhomedecor.comwp-content\/uploads\/2022\/08\/366.png","type":"image\/png"}],"twitter_card":"summary_large_image","schema":{"@context":"https:\/\/schema.org","@graph":[{"@type":"WebPage","@id":"https:\/\/ipekhomedecor.com\/en\/product\/kulakli-sandalye-sirt-kapitoneli\/","url":"https:\/\/ipekhomedecor.com\/en\/product\/kulakli-sandalye-sirt-kapitoneli\/","name":"KULAKLI SANDALYE SIRT KAP\u0130TONEL\u0130 - Ipek Perde Mobilya","isPartOf":{"@id":"https:\/\/ipekhomedecor.com\/en\/#website"},"primaryImageOfPage":{"@id":"https:\/\/ipekhomedecor.com\/en\/product\/kulakli-sandalye-sirt-kapitoneli\/#primaryimage"},"image":{"@id":"https:\/\/ipekhomedecor.com\/en\/product\/kulakli-sandalye-sirt-kapitoneli\/#primaryimage"},"thumbnailUrl":"https:\/\/ipekhomedecor.com\/wp-content\/uploads\/2022\/08\/366.png","datePublished":"2022-08-24T07:26:01+00:00","dateModified":"2023-06-01T10:15:05+00:00","breadcrumb":{"@id":"https:\/\/ipekhomedecor.com\/en\/product\/kulakli-sandalye-sirt-kapitoneli\/#breadcrumb"},"inLanguage":"en-GB","potentialAction":[{"@type":"ReadAction","target":["https:\/\/ipekhomedecor.com\/en\/product\/kulakli-sandalye-sirt-kapitoneli\/"]}]},{"@type":"ImageObject","inLanguage":"en-GB","@id":"https:\/\/ipekhomedecor.com\/en\/product\/kulakli-sandalye-sirt-kapitoneli\/#primaryimage","url":"https:\/\/ipekhomedecor.com\/wp-content\/uploads\/2022\/08\/366.png","contentUrl":"https:\/\/ipekhomedecor.com\/wp-content\/uploads\/2022\/08\/366.png","width":280,"height":300},{"@type":"BreadcrumbList","@id":"https:\/\/ipekhomedecor.com\/en\/product\/kulakli-sandalye-sirt-kapitoneli\/#breadcrumb","itemListElement":[{"@type":"ListItem","position":1,"name":"Home","item":"https:\/\/ipekhomedecor.com\/en\/home-page-1-english\/"},{"@type":"ListItem","position":2,"name":"Shop","item":"https:\/\/ipekhomedecor.com\/shop\/"},{"@type":"ListItem","position":3,"name":"KULAKLI SANDALYE SIRT KAP\u0130TONEL\u0130"}]},{"@type":"WebSite","@id":"https:\/\/ipekhomedecor.com\/en\/#website","url":"https:\/\/ipekhomedecor.com\/en\/","name":"Ipek Perde Mobilya","description":"\u0130pek Perde Mobilya","potentialAction":[{"@type":"SearchAction","target":{"@type":"EntryPoint","urlTemplate":"https:\/\/ipekhomedecor.com\/en\/?s={search_term_string}"},"query-input":{"@type":"PropertyValueSpecification","valueRequired":true,"valueName":"search_term_string"}}],"inLanguage":"en-GB"}]}},"_links":{"self":[{"href":"https:\/\/ipekhomedecor.com\/en\/wp-json\/wp\/v2\/product\/15565","targetHints":{"allow":["GET"]}}],"collection":[{"href":"https:\/\/ipekhomedecor.com\/en\/wp-json\/wp\/v2\/product"}],"about":[{"href":"https:\/\/ipekhomedecor.com\/en\/wp-json\/wp\/v2\/types\/product"}],"replies":[{"embeddable":true,"href":"https:\/\/ipekhomedecor.com\/en\/wp-json\/wp\/v2\/comments?post=15565"}],"wp:featuredmedia":[{"embeddable":true,"href":"https:\/\/ipekhomedecor.com\/en\/wp-json\/wp\/v2\/media\/15514"}],"wp:attachment":[{"href":"https:\/\/ipekhomedecor.com\/en\/wp-json\/wp\/v2\/media?parent=15565"}],"wp:term":[{"taxonomy":"product_brand","embeddable":true,"href":"https:\/\/ipekhomedecor.com\/en\/wp-json\/wp\/v2\/product_brand?post=15565"},{"taxonomy":"product_cat","embeddable":true,"href":"https:\/\/ipekhomedecor.com\/en\/wp-json\/wp\/v2\/product_cat?post=15565"},{"taxonomy":"product_tag","embeddable":true,"href":"https:\/\/ipekhomedecor.com\/en\/wp-json\/wp\/v2\/product_tag?post=15565"}],"curies":[{"name":"wp","href":"https:\/\/api.w.org\/{rel}","templated":true}]}}